{"id":961,"date":"2021-06-01T23:14:35","date_gmt":"2021-06-01T21:14:35","guid":{"rendered":"https:\/\/unterwegs-daheim.de\/wordpress\/?page_id=961"},"modified":"2021-06-13T10:59:21","modified_gmt":"2021-06-13T08:59:21","slug":"alle-beitraege","status":"publish","type":"page","link":"https:\/\/unterwegs-daheim.de\/wordpress\/alle-beitraege\/","title":{"rendered":"Alle Beitr\u00e4ge"},"content":{"rendered":"<div id=\"pl-961\"  class=\"panel-layout\" ><div id=\"pg-961-0\"  class=\"panel-grid panel-no-style\" ><div id=\"pgc-961-0-0\"  class=\"panel-grid-cell\" >\n\t\t<div id=\"panel-961-0-0-0\" class=\"so-panel widget widget_recent-posts widget_recent_entries panel-first-child panel-last-child\" data-index=\"0\" >\n\t\t<h3 class=\"widget-title\">________________________________________________________________________________________________________________<\/h3><nav aria-label=\"________________________________________________________________________________________________________________\">\n\t\t<ul>\n\t\t\t\t\t\t\t\t\t\t\t<li>\n\t\t\t\t\t<a href=\"https:\/\/unterwegs-daheim.de\/wordpress\/2021\/10\/06\/8-september-2021-piep-piep-v2-0\/\">9. September 2021: Ice, Ice, Baby.<\/a>\n\t\t\t\t\t\t\t\t\t\t\t<span class=\"post-date\">6. Oktober 2021<\/span>\n\t\t\t\t\t\t\t\t\t<\/li>\n\t\t\t\t\t\t\t\t\t\t\t<li>\n\t\t\t\t\t<a href=\"https:\/\/unterwegs-daheim.de\/wordpress\/2021\/09\/17\/8-september-2021-piep-piep-v2-0-2\/\">8. September 2021: Piep, piep V2.0<\/a>\n\t\t\t\t\t\t\t\t\t\t\t<span class=\"post-date\">17. September 2021<\/span>\n\t\t\t\t\t\t\t\t\t<\/li>\n\t\t\t\t\t\t\t\t\t\t\t<li>\n\t\t\t\t\t<a href=\"https:\/\/unterwegs-daheim.de\/wordpress\/2021\/08\/27\/28-juni-2021-bis-heute-neuburg-an-der-donau-familienangelegenheiten-ein-wasserschaden-im-kasten-ein-schaden-am-fahrwerk-ein-idyllischer-stellplatz-und-natuerlich-eine-weitere-haxe-und-neue-l-4\/\">28. bis 31. Juli 2021: Reste vom Bayerischen Wald (H\u00f6henangst auf dem Baumwipfelpfad), die Bastei im Elbsandsteingebirge und zur\u00fcck tief in den Westen (wo die Sonne versinkt)<\/a>\n\t\t\t\t\t\t\t\t\t\t\t<span class=\"post-date\">27. August 2021<\/span>\n\t\t\t\t\t\t\t\t\t<\/li>\n\t\t\t\t\t\t\t\t\t\t\t<li>\n\t\t\t\t\t<a href=\"https:\/\/unterwegs-daheim.de\/wordpress\/2021\/08\/23\/28-juni-2021-bis-heute-neuburg-an-der-donau-familienangelegenheiten-ein-wasserschaden-im-kasten-ein-schaden-am-fahrwerk-ein-idyllischer-stellplatz-und-natuerlich-eine-weitere-haxe-und-neue-l-3\/\">24. bis 28. Juli 2021: &#8222;Der Weg raus&#8220; (aus Berchtesgaden) und ein wundersch\u00f6ner Ort irgendwo im Anderswo.<\/a>\n\t\t\t\t\t\t\t\t\t\t\t<span class=\"post-date\">23. August 2021<\/span>\n\t\t\t\t\t\t\t\t\t<\/li>\n\t\t\t\t\t\t\t\t\t\t\t<li>\n\t\t\t\t\t<a href=\"https:\/\/unterwegs-daheim.de\/wordpress\/2021\/08\/22\/irgendwo-im-nirgendwo\/\">22. August 2021: Irgendwo im Nirgendwo<\/a>\n\t\t\t\t\t\t\t\t\t\t\t<span class=\"post-date\">22. August 2021<\/span>\n\t\t\t\t\t\t\t\t\t<\/li>\n\t\t\t\t\t\t\t\t\t\t\t<li>\n\t\t\t\t\t<a href=\"https:\/\/unterwegs-daheim.de\/wordpress\/2021\/07\/30\/28-juni-2021-bis-heute-neuburg-an-der-donau-familienangelegenheiten-ein-wasserschaden-im-kasten-ein-schaden-am-fahrwerk-ein-idyllischer-stellplatz-und-natuerlich-eine-weitere-haxe-und-neue-l-2\/\">19. bis 23. Juli 2021: Wasserburg am Inn, zwei Tage in Inzell, der bessere K\u00f6nigssee und sein Zauberwald und dann noch Bischofswiesen<\/a>\n\t\t\t\t\t\t\t\t\t\t\t<span class=\"post-date\">30. Juli 2021<\/span>\n\t\t\t\t\t\t\t\t\t<\/li>\n\t\t\t\t\t\t\t\t\t\t\t<li>\n\t\t\t\t\t<a href=\"https:\/\/unterwegs-daheim.de\/wordpress\/2021\/07\/19\/2021-07-19-on-the-road-again\/\">19. Juli 2021 &#8211; On the road again!<\/a>\n\t\t\t\t\t\t\t\t\t\t\t<span class=\"post-date\">19. Juli 2021<\/span>\n\t\t\t\t\t\t\t\t\t<\/li>\n\t\t\t\t\t\t\t\t\t\t\t<li>\n\t\t\t\t\t<a href=\"https:\/\/unterwegs-daheim.de\/wordpress\/2021\/07\/13\/28-juni-2021-bis-heute-neuburg-an-der-donau-familienangelegenheiten-ein-wasserschaden-im-kasten-ein-schaden-am-fahrwerk-ein-idyllischer-stellplatz-und-natuerlich-eine-weitere-haxe-und-neue-l\/\">28. Juni 2021 bis heute: Neuburg an der Donau. Familienangelegenheiten, ein Wasserschaden im Kasten, ein Schaden am Fahrwerk, ein idyllischer Stellplatz und nat\u00fcrlich eine weitere Haxe &#8230; und neue Leuchten im Innenraum &#8230; und &#8211; Update 2021-07-18 &#8211; neue Musik! Und ein Nachtrag zu der Fahrwerksreparaturgeschichte und damit wohl der l\u00e4ngste Titel, der jemals auf dieser Seite auftauchen d\u00fcrfte.<\/a>\n\t\t\t\t\t\t\t\t\t\t\t<span class=\"post-date\">13. Juli 2021<\/span>\n\t\t\t\t\t\t\t\t\t<\/li>\n\t\t\t\t\t\t\t\t\t\t\t<li>\n\t\t\t\t\t<a href=\"https:\/\/unterwegs-daheim.de\/wordpress\/2021\/07\/04\/23-bis-28-juni-2021-roth-und-der-rothsee\/\">23. bis 28. Juni 2021 &#8211; Roth und der Rothsee<\/a>\n\t\t\t\t\t\t\t\t\t\t\t<span class=\"post-date\">4. Juli 2021<\/span>\n\t\t\t\t\t\t\t\t\t<\/li>\n\t\t\t\t\t\t\t\t\t\t\t<li>\n\t\t\t\t\t<a href=\"https:\/\/unterwegs-daheim.de\/wordpress\/2021\/06\/26\/21-bis-23-juni-2021-forchheim\/\">21. bis 23. Juni 2021 &#8211; Forchheim<\/a>\n\t\t\t\t\t\t\t\t\t\t\t<span class=\"post-date\">26. Juni 2021<\/span>\n\t\t\t\t\t\t\t\t\t<\/li>\n\t\t\t\t\t\t\t\t\t\t\t<li>\n\t\t\t\t\t<a href=\"https:\/\/unterwegs-daheim.de\/wordpress\/2021\/06\/24\/16-bis-21-juni-2021-auf-dem-weg-nach-sueden-siegen-bad-nauheim-karlstein-ein-weiteres-schwimmbad-in-rosbach-vor-der-hoehe-volkach-und-endlich-die-heiligen-hallen-des-thomann-music-centers\/\">16. bis 21. Juni 2021 &#8211; Auf dem Weg nach S\u00fcden: Siegen, Bad Nauheim, Karlstein, ein weiteres Schwimmbad in Rosbach vor der H\u00f6he, Volkach und endlich die heiligen Hallen des Thomann Music Centers.<\/a>\n\t\t\t\t\t\t\t\t\t\t\t<span class=\"post-date\">24. Juni 2021<\/span>\n\t\t\t\t\t\t\t\t\t<\/li>\n\t\t\t\t\t\t\t\t\t\t\t<li>\n\t\t\t\t\t<a href=\"https:\/\/unterwegs-daheim.de\/wordpress\/2021\/06\/20\/11-bis-15-juni-2021-drei-tage-in-den-niederlanden-zwei-stellplaetze-in-borken-weseke-und-velen-und-ein-traum-von-einem-freibad\/\">11. bis 15. Juni 2021 &#8211; Drei Tage in den Niederlanden, zwei Stellpl\u00e4tze in Borken Weseke und Velen und ein Traum von einem Freibad<\/a>\n\t\t\t\t\t\t\t\t\t\t\t<span class=\"post-date\">20. Juni 2021<\/span>\n\t\t\t\t\t\t\t\t\t<\/li>\n\t\t\t\t\t\t\t\t\t\t\t<li>\n\t\t\t\t\t<a href=\"https:\/\/unterwegs-daheim.de\/wordpress\/2021\/06\/09\/gevelsberg-stellplatz-am-ennepebogen\/\">9. Juni 2021 &#8211; Gevelsberg: Stellplatz am Ennepebogen,<br>lecker Pfefferrahmschnitzel und eine Panne<\/a>\n\t\t\t\t\t\t\t\t\t\t\t<span class=\"post-date\">9. Juni 2021<\/span>\n\t\t\t\t\t\t\t\t\t<\/li>\n\t\t\t\t\t\t\t\t\t\t\t<li>\n\t\t\t\t\t<a href=\"https:\/\/unterwegs-daheim.de\/wordpress\/2021\/06\/08\/attendorn-attahoehle-und-wohnmobilstellplatz-auf-dem-parkplatz\/\">8. Juni 2021 &#8211; Attendorn &#8211; Wohnmobilstellplatz an der Attah\u00f6hle<\/a>\n\t\t\t\t\t\t\t\t\t\t\t<span class=\"post-date\">8. Juni 2021<\/span>\n\t\t\t\t\t\t\t\t\t<\/li>\n\t\t\t\t\t\t\t\t\t\t\t<li>\n\t\t\t\t\t<a href=\"https:\/\/unterwegs-daheim.de\/wordpress\/2021\/06\/07\/wanderparkplatz-am-diemelsee\/\">7. Juni 2021 &#8211; Wanderparkplatz am Diemelsee<\/a>\n\t\t\t\t\t\t\t\t\t\t\t<span class=\"post-date\">7. Juni 2021<\/span>\n\t\t\t\t\t\t\t\t\t<\/li>\n\t\t\t\t\t\t\t\t\t\t\t<li>\n\t\t\t\t\t<a href=\"https:\/\/unterwegs-daheim.de\/wordpress\/2021\/06\/06\/detmold-stellplatz-werrebogen\/\">6. Juni 2021 &#8211; Detmold, Stellplatz &#8222;Werrebogen&#8220;<\/a>\n\t\t\t\t\t\t\t\t\t\t\t<span class=\"post-date\">6. Juni 2021<\/span>\n\t\t\t\t\t\t\t\t\t<\/li>\n\t\t\t\t\t\t\t\t\t\t\t<li>\n\t\t\t\t\t<a href=\"https:\/\/unterwegs-daheim.de\/wordpress\/2021\/06\/06\/externsteine\/\">6. Juni 2021 &#8211; Die Externsteine<\/a>\n\t\t\t\t\t\t\t\t\t\t\t<span class=\"post-date\">6. Juni 2021<\/span>\n\t\t\t\t\t\t\t\t\t<\/li>\n\t\t\t\t\t\t\t\t\t\t\t<li>\n\t\t\t\t\t<a href=\"https:\/\/unterwegs-daheim.de\/wordpress\/2021\/06\/06\/eine-weitere-uebernachtung-in-borgholzhausen\/\">5. Juni 2021 &#8211; Eine weitere \u00dcbernachtung in Borgholzhausen<\/a>\n\t\t\t\t\t\t\t\t\t\t\t<span class=\"post-date\">6. Juni 2021<\/span>\n\t\t\t\t\t\t\t\t\t<\/li>\n\t\t\t\t\t\t\t\t\t\t\t<li>\n\t\t\t\t\t<a href=\"https:\/\/unterwegs-daheim.de\/wordpress\/2021\/06\/05\/borgholzhausen-stellplatz-an-der-freilichtbuehne\/\">4.Juni 2021 &#8211; Borgholzhausen, Stellplatz an der Freilichtb\u00fchne<\/a>\n\t\t\t\t\t\t\t\t\t\t\t<span class=\"post-date\">5. Juni 2021<\/span>\n\t\t\t\t\t\t\t\t\t<\/li>\n\t\t\t\t\t\t\t\t\t\t\t<li>\n\t\t\t\t\t<a href=\"https:\/\/unterwegs-daheim.de\/wordpress\/2021\/06\/03\/abholung-von-arielles-quietschneuem-sun-living-v60-sp\/\">2. Juni 2021 &#8211; Abholung von Arielle&#8217;s quietschneuem Sun Living V60 SP<\/a>\n\t\t\t\t\t\t\t\t\t\t\t<span class=\"post-date\">3. Juni 2021<\/span>\n\t\t\t\t\t\t\t\t\t<\/li>\n\t\t\t\t\t\t\t\t\t\t\t<li>\n\t\t\t\t\t<a href=\"https:\/\/unterwegs-daheim.de\/wordpress\/2021\/06\/01\/dezember-2020-ein-rueckfahrwarner-der-beim-bremsen-piepst-wd40-und-ein-tragischer-tod\/\">Dezember 2020: Ein R\u00fcckfahrwarner, der beim bremsen piepst,<br>WD40 und ein tragischer Tod<\/a>\n\t\t\t\t\t\t\t\t\t\t\t<span class=\"post-date\">1. Juni 2021<\/span>\n\t\t\t\t\t\t\t\t\t<\/li>\n\t\t\t\t\t\t\t\t\t\t\t<li>\n\t\t\t\t\t<a href=\"https:\/\/unterwegs-daheim.de\/wordpress\/2021\/06\/01\/30-mai-2020-blitzlicht-noch-einmal-kurz-moelln\/\">30. Mai 2020 &#8211; Blitzlicht, noch einmal kurz M\u00f6lln<\/a>\n\t\t\t\t\t\t\t\t\t\t\t<span class=\"post-date\">1. Juni 2021<\/span>\n\t\t\t\t\t\t\t\t\t<\/li>\n\t\t\t\t\t\t\t\t\t\t\t<li>\n\t\t\t\t\t<a href=\"https:\/\/unterwegs-daheim.de\/wordpress\/2021\/05\/30\/ein-kasten-in-der-nacht\/\">30. Mai 2021 &#8211; Ein Kasten in der Nacht<\/a>\n\t\t\t\t\t\t\t\t\t\t\t<span class=\"post-date\">30. Mai 2021<\/span>\n\t\t\t\t\t\t\t\t\t<\/li>\n\t\t\t\t\t\t\t\t\t\t\t<li>\n\t\t\t\t\t<a href=\"https:\/\/unterwegs-daheim.de\/wordpress\/2021\/05\/26\/ein-spontan-schnoeoef-fruehstuecksfernsehen-und-die-zahnfee-gibt-es-doch\/\">26. Mai 2021 &#8211; Ein Spontan-Schn\u00f6\u00f6f, Fr\u00fchst\u00fccksfernsehen und die Zahnfee gibt es doch<\/a>\n\t\t\t\t\t\t\t\t\t\t\t<span class=\"post-date\">26. Mai 2021<\/span>\n\t\t\t\t\t\t\t\t\t<\/li>\n\t\t\t\t\t\t\t\t\t\t\t<li>\n\t\t\t\t\t<a href=\"https:\/\/unterwegs-daheim.de\/wordpress\/2021\/05\/25\/von-egestorf-nach-salzhausen\/\">25. Mai 2021 &#8211; Von Egestorf nach Salzhausen<\/a>\n\t\t\t\t\t\t\t\t\t\t\t<span class=\"post-date\">25. Mai 2021<\/span>\n\t\t\t\t\t\t\t\t\t<\/li>\n\t\t\t\t\t\t\t\t\t\t\t<li>\n\t\t\t\t\t<a href=\"https:\/\/unterwegs-daheim.de\/wordpress\/2021\/05\/22\/my-name-is-luca-i-live-on-the-second-floor-ein-weiterer-test-zurueck-nach-egestorf-und-mein-erstkontakt-mit-der-luca-aepp\/\">22. Mai 2021 &#8211; &#8222;My name is Luca &#8211; I live on the second floor&#8220; &#8211; Ein weiterer Test, zur\u00fcck nach Egestorf und mein Erstkontakt mit der &#8222;Luca&#8220; \u00c4pp<\/a>\n\t\t\t\t\t\t\t\t\t\t\t<span class=\"post-date\">22. Mai 2021<\/span>\n\t\t\t\t\t\t\t\t\t<\/li>\n\t\t\t\t\t\t\t\t\t\t\t<li>\n\t\t\t\t\t<a href=\"https:\/\/unterwegs-daheim.de\/wordpress\/2021\/05\/21\/ein-veranstaltungshinweis-in-eigener-sache\/\">21. Mai 2021 &#8211; Ein Veranstaltungshinweis in eigener Sache<\/a>\n\t\t\t\t\t\t\t\t\t\t\t<span class=\"post-date\">21. Mai 2021<\/span>\n\t\t\t\t\t\t\t\t\t<\/li>\n\t\t\t\t\t\t\t\t\t\t\t<li>\n\t\t\t\t\t<a href=\"https:\/\/unterwegs-daheim.de\/wordpress\/2021\/05\/20\/zwei-weitere-stellplaetze-in-schneverdingen\/\">20. Mai 2021 &#8211; Zwei weitere Stellpl\u00e4tze in Schneverdingen<\/a>\n\t\t\t\t\t\t\t\t\t\t\t<span class=\"post-date\">20. Mai 2021<\/span>\n\t\t\t\t\t\t\t\t\t<\/li>\n\t\t\t\t\t\t\t\t\t\t\t<li>\n\t\t\t\t\t<a href=\"https:\/\/unterwegs-daheim.de\/wordpress\/2021\/05\/20\/chiemsee-2008-alfrus-in-der-schweinsbratenschlange\/\">Damals: Chiemsee 2008 &#8211; Alfrus in der Schweinsbratenschlange<\/a>\n\t\t\t\t\t\t\t\t\t\t\t<span class=\"post-date\">20. Mai 2021<\/span>\n\t\t\t\t\t\t\t\t\t<\/li>\n\t\t\t\t\t\t\t\t\t\t\t<li>\n\t\t\t\t\t<a href=\"https:\/\/unterwegs-daheim.de\/wordpress\/2021\/05\/19\/stellplaetze-in-egestorf-und-schneverdingen-ein-corona-test-und-heute-bleibt-die-kueche-kalt\/\">19. Mai 2021 &#8211; Stellpl\u00e4tze in Egestorf und Schneverdingen, ein Corona Test und heute bleibt die K\u00fcche kalt<\/a>\n\t\t\t\t\t\t\t\t\t\t\t<span class=\"post-date\">19. Mai 2021<\/span>\n\t\t\t\t\t\t\t\t\t<\/li>\n\t\t\t\t\t\t\t\t\t\t\t<li>\n\t\t\t\t\t<a href=\"https:\/\/unterwegs-daheim.de\/wordpress\/2021\/05\/18\/steak-banane-apfel-und-erdbeeren-auf-einem-deich\/\">18. Mai 2021 &#8211; Steak, Banane, Apfel und Erdbeeren auf dem Elbdeich<\/a>\n\t\t\t\t\t\t\t\t\t\t\t<span class=\"post-date\">18. Mai 2021<\/span>\n\t\t\t\t\t\t\t\t\t<\/li>\n\t\t\t\t\t\t\t\t\t\t\t<li>\n\t\t\t\t\t<a href=\"https:\/\/unterwegs-daheim.de\/wordpress\/2021\/05\/17\/zwischenstop-in-moelln\/\">17. Mai 2021 &#8211; Zwischenstop in M\u00f6lln<\/a>\n\t\t\t\t\t\t\t\t\t\t\t<span class=\"post-date\">17. Mai 2021<\/span>\n\t\t\t\t\t\t\t\t\t<\/li>\n\t\t\t\t\t\t\t\t\t\t\t<li>\n\t\t\t\t\t<a href=\"https:\/\/unterwegs-daheim.de\/wordpress\/2021\/05\/15\/ein-baugrundstueck-ohne-baustelle-was-ist-hier-passiert\/\">12. Mai 2021 &#8211; Ein Baugrundst\u00fcck ohne Baustelle &#8211; Was ist hier passiert?<\/a>\n\t\t\t\t\t\t\t\t\t\t\t<span class=\"post-date\">15. Mai 2021<\/span>\n\t\t\t\t\t\t\t\t\t<\/li>\n\t\t\t\t\t\t\t\t\t\t\t<li>\n\t\t\t\t\t<a href=\"https:\/\/unterwegs-daheim.de\/wordpress\/2021\/05\/11\/ueber-elmshorn-glueckstadt-friedrichskoog-und-meldorf-nach-grossenbrode\/\">10. und 11. Mai 2021 &#8211; \u00dcber Elmshorn, Gl\u00fcckstadt, Friedrichskoog und Meldorf nach Gro\u00dfenbrode<\/a>\n\t\t\t\t\t\t\t\t\t\t\t<span class=\"post-date\">11. Mai 2021<\/span>\n\t\t\t\t\t\t\t\t\t<\/li>\n\t\t\t\t\t\t\t\t\t\t\t<li>\n\t\t\t\t\t<a href=\"https:\/\/unterwegs-daheim.de\/wordpress\/2021\/05\/04\/undercover-in-harburg\/\">4. Mai 2021 &#8211; Undercover in Harburg<\/a>\n\t\t\t\t\t\t\t\t\t\t\t<span class=\"post-date\">4. Mai 2021<\/span>\n\t\t\t\t\t\t\t\t\t<\/li>\n\t\t\t\t\t\t\t\t\t\t\t<li>\n\t\t\t\t\t<a href=\"https:\/\/unterwegs-daheim.de\/wordpress\/2021\/05\/03\/ein-weiterer-halt-in-tostedt-und-ein-kampf-mit-meinem-server\/\">3. Mai 2021 &#8211; Ein weiterer Halt in Tostedt und ein Kampf mit meinem Server<\/a>\n\t\t\t\t\t\t\t\t\t\t\t<span class=\"post-date\">3. Mai 2021<\/span>\n\t\t\t\t\t\t\t\t\t<\/li>\n\t\t\t\t\t\t\t\t\t\t\t<li>\n\t\t\t\t\t<a href=\"https:\/\/unterwegs-daheim.de\/wordpress\/2021\/05\/02\/unterwegs-nach-hamburg\/\">2. Mai 2021 &#8211; Unterwegs nach Hamburg<\/a>\n\t\t\t\t\t\t\t\t\t\t\t<span class=\"post-date\">2. Mai 2021<\/span>\n\t\t\t\t\t\t\t\t\t<\/li>\n\t\t\t\t\t\t\t\t\t\t\t<li>\n\t\t\t\t\t<a href=\"https:\/\/unterwegs-daheim.de\/wordpress\/2021\/05\/02\/die-erste-nacht\/\">1. Mai 2021 &#8211; Die erste Nacht<\/a>\n\t\t\t\t\t\t\t\t\t\t\t<span class=\"post-date\">2. Mai 2021<\/span>\n\t\t\t\t\t\t\t\t\t<\/li>\n\t\t\t\t\t\t\t\t\t\t\t<li>\n\t\t\t\t\t<a href=\"https:\/\/unterwegs-daheim.de\/wordpress\/2021\/05\/02\/der-auszug\/\">Mai 2021 &#8211; Und wenn Du schon denkst, es geht nicht mehr,<\/br>kommt von irgendwo ein Lichtlein her<\/a>\n\t\t\t\t\t\t\t\t\t\t\t<span class=\"post-date\">2. Mai 2021<\/span>\n\t\t\t\t\t\t\t\t\t<\/li>\n\t\t\t\t\t\t\t\t\t\t\t<li>\n\t\t\t\t\t<a href=\"https:\/\/unterwegs-daheim.de\/wordpress\/2021\/05\/01\/der-auszug-aus-der-burg\/\">Mai 2021 &#8211; Der Auszug aus der Burg<\/a>\n\t\t\t\t\t\t\t\t\t\t\t<span class=\"post-date\">1. Mai 2021<\/span>\n\t\t\t\t\t\t\t\t\t<\/li>\n\t\t\t\t\t<\/ul>\n\n\t\t<\/nav><\/div><\/div><\/div><\/div>","protected":false},"excerpt":{"rendered":"<p>________________________________________________________________________________________________________________ 9. September 2021: Ice, Ice, Baby. 6. Oktober 2021 8. September 2021: Piep, piep V2.0 17. September 2021 28. bis 31. Juli 2021: Reste vom Bayerischen Wald (H\u00f6henangst auf dem Baumwipfelpfad), die Bastei im Elbsandsteingebirge und zur\u00fcck tief in den Westen (wo die Sonne versinkt) 27. August 2021 24. bis 28. Juli 2021: &#8222;Der&hellip; <a class=\"more-link\" href=\"https:\/\/unterwegs-daheim.de\/wordpress\/alle-beitraege\/\"><span class=\"screen-reader-text\">Alle Beitr\u00e4ge<\/span> weiterlesen<\/a><\/p>\n","protected":false},"author":1,"featured_media":0,"parent":0,"menu_order":0,"comment_status":"closed","ping_status":"closed","template":"","meta":{"footnotes":""},"class_list":["post-961","page","type-page","status-publish","hentry","entry"],"_links":{"self":[{"href":"https:\/\/unterwegs-daheim.de\/wordpress\/wp-json\/wp\/v2\/pages\/961","targetHints":{"allow":["GET"]}}],"collection":[{"href":"https:\/\/unterwegs-daheim.de\/wordpress\/wp-json\/wp\/v2\/pages"}],"about":[{"href":"https:\/\/unterwegs-daheim.de\/wordpress\/wp-json\/wp\/v2\/types\/page"}],"author":[{"embeddable":true,"href":"https:\/\/unterwegs-daheim.de\/wordpress\/wp-json\/wp\/v2\/users\/1"}],"replies":[{"embeddable":true,"href":"https:\/\/unterwegs-daheim.de\/wordpress\/wp-json\/wp\/v2\/comments?post=961"}],"version-history":[{"count":32,"href":"https:\/\/unterwegs-daheim.de\/wordpress\/wp-json\/wp\/v2\/pages\/961\/revisions"}],"predecessor-version":[{"id":1241,"href":"https:\/\/unterwegs-daheim.de\/wordpress\/wp-json\/wp\/v2\/pages\/961\/revisions\/1241"}],"wp:attachment":[{"href":"https:\/\/unterwegs-daheim.de\/wordpress\/wp-json\/wp\/v2\/media?parent=961"}],"curies":[{"name":"wp","href":"https:\/\/api.w.org\/{rel}","templated":true}]}}